{"id":227,"date":"2014-07-15T16:13:39","date_gmt":"2014-07-15T16:13:39","guid":{"rendered":"http:\/\/www.buddypet.com.mx\/wordpress\/?page_id=227"},"modified":"2024-09-13T02:11:55","modified_gmt":"2024-09-13T02:11:55","slug":"sucursal-tlajomulco","status":"publish","type":"page","link":"http:\/\/www.buddypet.com.mx\/wordpress\/?page_id=227","title":{"rendered":"Sucursal Sorrento"},"content":{"rendered":"<div id='gallery-1' class='gallery galleryid-227 gallery-columns-4 gallery-size-thumbnail'><dl class='gallery-item'>\n\t\t\t<dt class='gallery-icon portrait'>\n\t\t\t\t<a href='http:\/\/www.buddypet.com.mx\/wordpress\/wp-content\/uploads\/2014\/03\/canadas1.jpg'><img loading=\"lazy\" decoding=\"async\" width=\"150\" height=\"150\" src=\"http:\/\/www.buddypet.com.mx\/wordpress\/wp-content\/uploads\/2014\/03\/canadas1-150x150.jpg\" class=\"attachment-thumbnail size-thumbnail\" alt=\"Plaza Punto San Isidro, Local 5\" aria-describedby=\"gallery-1-103\" \/><\/a>\n\t\t\t<\/dt>\n\t\t\t\t<dd class='wp-caption-text gallery-caption' id='gallery-1-103'>\n\t\t\t\tVen y con\u00f3cenos\n\t\t\t\t<\/dd><\/dl><dl class='gallery-item'>\n\t\t\t<dt class='gallery-icon landscape'>\n\t\t\t\t<a href='http:\/\/www.buddypet.com.mx\/wordpress\/wp-content\/uploads\/2014\/03\/canadas2.jpg'><img loading=\"lazy\" decoding=\"async\" width=\"150\" height=\"150\" src=\"http:\/\/www.buddypet.com.mx\/wordpress\/wp-content\/uploads\/2014\/03\/canadas2-150x150.jpg\" class=\"attachment-thumbnail size-thumbnail\" alt=\"Productos ca\u00f1adas\" aria-describedby=\"gallery-1-104\" \/><\/a>\n\t\t\t<\/dt>\n\t\t\t\t<dd class='wp-caption-text gallery-caption' id='gallery-1-104'>\n\t\t\t\tGran variedad de productos\n\t\t\t\t<\/dd><\/dl><dl class='gallery-item'>\n\t\t\t<dt class='gallery-icon portrait'>\n\t\t\t\t<a href='http:\/\/www.buddypet.com.mx\/wordpress\/wp-content\/uploads\/2014\/03\/canadas4.jpg'><img loading=\"lazy\" decoding=\"async\" width=\"150\" height=\"150\" src=\"http:\/\/www.buddypet.com.mx\/wordpress\/wp-content\/uploads\/2014\/03\/canadas4-150x150.jpg\" class=\"attachment-thumbnail size-thumbnail\" alt=\"Accesorios ca\u00f1adas\" aria-describedby=\"gallery-1-106\" \/><\/a>\n\t\t\t<\/dt>\n\t\t\t\t<dd class='wp-caption-text gallery-caption' id='gallery-1-106'>\n\t\t\t\tAmplio surtido en accesorios\n\t\t\t\t<\/dd><\/dl><dl class='gallery-item'>\n\t\t\t<dt class='gallery-icon landscape'>\n\t\t\t\t<a href='http:\/\/www.buddypet.com.mx\/wordpress\/wp-content\/uploads\/2014\/03\/canadas3.jpg'><img loading=\"lazy\" decoding=\"async\" width=\"150\" height=\"150\" src=\"http:\/\/www.buddypet.com.mx\/wordpress\/wp-content\/uploads\/2014\/03\/canadas3-150x150.jpg\" class=\"attachment-thumbnail size-thumbnail\" alt=\"Alimentos ca\u00f1adas\" aria-describedby=\"gallery-1-105\" \/><\/a>\n\t\t\t<\/dt>\n\t\t\t\t<dd class='wp-caption-text gallery-caption' id='gallery-1-105'>\n\t\t\t\tExtenso surtido en marcas de alimento\n\t\t\t\t<\/dd><\/dl><br style=\"clear: both\" \/>\n\t\t<\/div>\n\n<h3><span style=\"color: #00afef;\">Servicios<\/span><\/h3>\n<p>Cl\u00ednica Veterinaria:<\/p>\n<ul>\n<li>Consulta<\/li>\n<li>Radiograf\u00edas<\/li>\n<li>Cirug\u00eda<\/li>\n<li>Ultrasonido<\/li>\n<li>Vacunas<\/li>\n<li>Desparasitaci\u00f3n<\/li>\n<li>Limpieza dental<\/li>\n<\/ul>\n<p>Est\u00e9tica<\/p>\n<ul>\n<li>Ba\u00f1o<\/li>\n<li>Corte de pelo<\/li>\n<li>Limpieza dental<\/li>\n<\/ul>\n<p>Tienda de mascotas<\/p>\n<ul>\n<li>Venta de alimento<\/li>\n<li>Venta de accesorios<\/li>\n<\/ul>\n<p>Pensi\u00f3n<\/p>\n<ul>\n<li>Hospedaje para tu mascota<\/li>\n<\/ul>\n<h3><span style=\"color: #00afef;\">Ubicaci\u00f3n<\/span><\/h3>\n<p>Nos encontramos a tus ordenes en Camino Real a Colima\u00a0# 546; en los locales # 6 y 17 \u00a0de Plaza Sorrento en\u00a0Santa Anita<\/p>\n<h3><span style=\"color: #00afef;\">Horario<\/span><\/h3>\n<p>Lunes a S\u00e1bado de 10:00 a.m. a 6:00 p.m.<\/p>\n<h3><span style=\"color: #00afef;\">Tel\u00e9fono<\/span><\/h3>\n<p>+52 96 88 09 32<\/p>\n<h3><span style=\"color: #00ccff;\">Los d\u00edas s\u00e1bado y domingo solo recibimos mascotas para ba\u00f1o y est\u00e9tica con previa cita. Ay\u00fadanos a brindarte un mejor servicio agendando tu cita con anticipaci\u00f3n<\/span><\/h3>\n\n","protected":false},"excerpt":{"rendered":"<p>Servicios Cl\u00ednica Veterinaria: Consulta Radiograf\u00edas Cirug\u00eda Ultrasonido Vacunas Desparasitaci\u00f3n Limpieza dental Est\u00e9tica Ba\u00f1o Corte de pelo Limpieza dental Tienda de mascotas Venta de alimento Venta de accesorios Pensi\u00f3n Hospedaje para tu mascota Ubicaci\u00f3n Nos encontramos a tus ordenes en Camino Real a Colima\u00a0# 546; en los locales # 6 y 17 \u00a0de Plaza Sorrento en\u00a0Santa [&hellip;]<\/p>\n","protected":false},"author":1,"featured_media":0,"parent":32,"menu_order":0,"comment_status":"open","ping_status":"open","template":"","meta":{"footnotes":""},"class_list":["post-227","page","type-page","status-publish","hentry"],"_links":{"self":[{"href":"http:\/\/www.buddypet.com.mx\/wordpress\/index.php?rest_route=\/wp\/v2\/pages\/227"}],"collection":[{"href":"http:\/\/www.buddypet.com.mx\/wordpress\/index.php?rest_route=\/wp\/v2\/pages"}],"about":[{"href":"http:\/\/www.buddypet.com.mx\/wordpress\/index.php?rest_route=\/wp\/v2\/types\/page"}],"author":[{"embeddable":true,"href":"http:\/\/www.buddypet.com.mx\/wordpress\/index.php?rest_route=\/wp\/v2\/users\/1"}],"replies":[{"embeddable":true,"href":"http:\/\/www.buddypet.com.mx\/wordpress\/index.php?rest_route=%2Fwp%2Fv2%2Fcomments&post=227"}],"version-history":[{"count":12,"href":"http:\/\/www.buddypet.com.mx\/wordpress\/index.php?rest_route=\/wp\/v2\/pages\/227\/revisions"}],"predecessor-version":[{"id":407,"href":"http:\/\/www.buddypet.com.mx\/wordpress\/index.php?rest_route=\/wp\/v2\/pages\/227\/revisions\/407"}],"up":[{"embeddable":true,"href":"http:\/\/www.buddypet.com.mx\/wordpress\/index.php?rest_route=\/wp\/v2\/pages\/32"}],"wp:attachment":[{"href":"http:\/\/www.buddypet.com.mx\/wordpress\/index.php?rest_route=%2Fwp%2Fv2%2Fmedia&parent=227"}],"curies":[{"name":"wp","href":"https:\/\/api.w.org\/{rel}","templated":true}]}}